{"id":3536,"date":"2026-03-04T11:14:17","date_gmt":"2026-03-04T11:14:17","guid":{"rendered":"https:\/\/www.drzehradoust.com\/iletisim\/"},"modified":"2026-03-07T20:26:25","modified_gmt":"2026-03-07T20:26:25","slug":"contact-us","status":"publish","type":"page","link":"https:\/\/drzehradoust.com\/en\/contact-us\/","title":{"rendered":"Contact Us"},"content":{"rendered":"\t\t<div data-elementor-type=\"wp-page\" data-elementor-id=\"3536\" class=\"elementor elementor-3536 elementor-1288\">\n\t\t\t\t\t\t\t\t\t<section class=\"elementor-section elementor-top-section elementor-element elementor-element-6575159 elementor-section-stretched elementor-section-boxed elementor-section-height-default elementor-section-height-default\" data-id=\"6575159\" data-element_type=\"section\" data-settings=\"{&quot;stretch_section&quot;:&quot;section-stretched&quot;}\">\n\t\t\t\t\t\t<div class=\"elementor-container elementor-column-gap-extended\">\n\t\t\t\t\t<div class=\"elementor-column elementor-col-100 elementor-top-column elementor-element elementor-element-231f196\" data-id=\"231f196\" data-element_type=\"column\">\n\t\t\t<div class=\"elementor-widget-wrap elementor-element-populated\">\n\t\t\t\t\t\t\t\t<div class=\"elementor-element elementor-element-74276df animated-fast elementor-widget elementor-widget-heading\" data-id=\"74276df\" data-element_type=\"widget\" data-settings=\"{&quot;_animation&quot;:&quot;none&quot;}\" data-widget_type=\"heading.default\">\n\t\t\t\t<div class=\"elementor-widget-container\">\n\t\t\t<style>\/*! elementor - v3.16.0 - 14-09-2023 *\/\n.elementor-heading-title{padding:0;margin:0;line-height:1}.elementor-widget-heading .elementor-heading-title[class*=elementor-size-]>a{color:inherit;font-size:inherit;line-height:inherit}.elementor-widget-heading .elementor-heading-title.elementor-size-small{font-size:15px}.elementor-widget-heading .elementor-heading-title.elementor-size-medium{font-size:19px}.elementor-widget-heading .elementor-heading-title.elementor-size-large{font-size:29px}.elementor-widget-heading .elementor-heading-title.elementor-size-xl{font-size:39px}.elementor-widget-heading .elementor-heading-title.elementor-size-xxl{font-size:59px}<\/style><h3 class=\"elementor-heading-title elementor-size-default\">You can Contact Us<\/h3>\t\t<\/div>\n\t\t\t\t<\/div>\n\t\t\t\t<div class=\"elementor-element elementor-element-8f9bee3 elementor-widget__width-initial elementor-widget-mobile__width-inherit elementor-widget-tablet__width-inherit elementor-widget elementor-widget-text-editor\" data-id=\"8f9bee3\" data-element_type=\"widget\" data-settings=\"{&quot;_animation&quot;:&quot;none&quot;,&quot;_animation_tablet&quot;:&quot;none&quot;}\" data-widget_type=\"text-editor.default\">\n\t\t\t\t<div class=\"elementor-widget-container\">\n\t\t\t<style>\/*! elementor - v3.16.0 - 14-09-2023 *\/\n.elementor-widget-text-editor.elementor-drop-cap-view-stacked .elementor-drop-cap{background-color:#69727d;color:#fff}.elementor-widget-text-editor.elementor-drop-cap-view-framed .elementor-drop-cap{color:#69727d;border:3px solid;background-color:transparent}.elementor-widget-text-editor:not(.elementor-drop-cap-view-default) .elementor-drop-cap{margin-top:8px}.elementor-widget-text-editor:not(.elementor-drop-cap-view-default) .elementor-drop-cap-letter{width:1em;height:1em}.elementor-widget-text-editor .elementor-drop-cap{float:left;text-align:center;line-height:1;font-size:50px}.elementor-widget-text-editor .elementor-drop-cap-letter{display:inline-block}<\/style>\t\t\t\t<p>for everything you wonder about dermatology and non-surgical aesthetics.<\/p>\t\t\t\t\t\t<\/div>\n\t\t\t\t<\/div>\n\t\t\t\t\t<\/div>\n\t\t<\/div>\n\t\t\t\t\t\t\t<\/div>\n\t\t<\/section>\n\t\t\t\t<section class=\"elementor-section elementor-top-section elementor-element elementor-element-3972461 elementor-section-stretched elementor-section-boxed elementor-section-height-default elementor-section-height-default\" data-id=\"3972461\" data-element_type=\"section\" data-settings=\"{&quot;stretch_section&quot;:&quot;section-stretched&quot;}\">\n\t\t\t\t\t\t<div class=\"elementor-container elementor-column-gap-extended\">\n\t\t\t\t\t<div class=\"elementor-column elementor-col-50 elementor-top-column elementor-element elementor-element-17b2797\" data-id=\"17b2797\" data-element_type=\"column\" data-settings=\"{&quot;animation&quot;:&quot;none&quot;}\">\n\t\t\t<div class=\"elementor-widget-wrap elementor-element-populated\">\n\t\t\t\t\t\t\t\t<div class=\"elementor-element elementor-element-97cc8b3 elementor-widget elementor-widget-text-editor\" data-id=\"97cc8b3\" data-element_type=\"widget\" data-widget_type=\"text-editor.default\">\n\t\t\t\t<div class=\"elementor-widget-container\">\n\t\t\t\t\t\t\t\n<div class=\"wpcf7 no-js\" id=\"wpcf7-f148-o1\" lang=\"tr-TR\" dir=\"ltr\" data-wpcf7-id=\"148\">\n<div class=\"screen-reader-response\"><p role=\"status\" aria-live=\"polite\" aria-atomic=\"true\"><\/p> <ul><\/ul><\/div>\n<form action=\"\/en\/wp-json\/wp\/v2\/pages\/3536#wpcf7-f148-o1\" method=\"post\" class=\"wpcf7-form init\" aria-label=\"\u0130leti\u015fim Formu\" novalidate=\"novalidate\" data-status=\"init\">\n<fieldset class=\"hidden-fields-container\"><input type=\"hidden\" name=\"_wpcf7\" value=\"148\" \/><input type=\"hidden\" name=\"_wpcf7_version\" value=\"6.1.5\" \/><input type=\"hidden\" name=\"_wpcf7_locale\" value=\"tr_TR\" \/><input type=\"hidden\" name=\"_wpcf7_unit_tag\" value=\"wpcf7-f148-o1\" \/><input type=\"hidden\" name=\"_wpcf7_container_post\" value=\"0\" \/><input type=\"hidden\" name=\"_wpcf7_posted_data_hash\" value=\"\" \/>\n<\/fieldset>\n<p><label> Your name<br \/>\n<span class=\"wpcf7-form-control-wrap\" data-name=\"your-name\"><input size=\"40\" maxlength=\"400\" class=\"wpcf7-form-control wpcf7-text wpcf7-validates-as-required\" autocomplete=\"name\" aria-required=\"true\" aria-invalid=\"false\" value=\"\" type=\"text\" name=\"your-name\" \/><\/span> <\/label>\n<\/p>\n<p><label> Your email<br \/>\n<span class=\"wpcf7-form-control-wrap\" data-name=\"your-email\"><input size=\"40\" maxlength=\"400\" class=\"wpcf7-form-control wpcf7-email wpcf7-validates-as-required wpcf7-text wpcf7-validates-as-email\" autocomplete=\"email\" aria-required=\"true\" aria-invalid=\"false\" value=\"\" type=\"email\" name=\"your-email\" \/><\/span> <\/label>\n<\/p>\n<p><label> Subject<br \/>\n<span class=\"wpcf7-form-control-wrap\" data-name=\"your-subject\"><input size=\"40\" maxlength=\"400\" class=\"wpcf7-form-control wpcf7-text wpcf7-validates-as-required\" aria-required=\"true\" aria-invalid=\"false\" value=\"\" type=\"text\" name=\"your-subject\" \/><\/span> <\/label>\n<\/p>\n<p><label> Your message (optional)<br \/>\n<span class=\"wpcf7-form-control-wrap\" data-name=\"your-message\"><textarea cols=\"40\" rows=\"10\" maxlength=\"2000\" class=\"wpcf7-form-control wpcf7-textarea\" aria-invalid=\"false\" name=\"your-message\"><\/textarea><\/span> <\/label>\n<\/p>\n<p><input class=\"wpcf7-form-control wpcf7-submit has-spinner\" type=\"submit\" value=\"Submit\" \/>\n<\/p><div class=\"wpcf7-response-output\" aria-hidden=\"true\"><\/div>\n<\/form>\n<\/div>\n\t\t\t\t\t\t<\/div>\n\t\t\t\t<\/div>\n\t\t\t\t<div class=\"elementor-element elementor-element-605dafa elementor-widget elementor-widget-google_maps\" data-id=\"605dafa\" data-element_type=\"widget\" data-widget_type=\"google_maps.default\">\n\t\t\t\t<div class=\"elementor-widget-container\">\n\t\t\t<style>\/*! elementor - v3.16.0 - 14-09-2023 *\/\n.elementor-widget-google_maps .elementor-widget-container{overflow:hidden}.elementor-widget-google_maps .elementor-custom-embed{line-height:0}.elementor-widget-google_maps iframe{height:300px}<\/style>\t\t<div class=\"elementor-custom-embed\">\n\t\t\t<iframe loading=\"lazy\"\n\t\t\t\t\tsrc=\"https:\/\/maps.google.com\/maps?q=%20Te%C5%9Fvikiye%2C%20Terrace%20Fulya%2C%20Center%2C%20Hakk%C4%B1%20Yeten%20Cd.%20No%3A11%20D%3A81%2C%2034365%20%C5%9Ei%C5%9Fli%2F%C4%B0stanbul&#038;t=m&#038;z=14&#038;output=embed&#038;iwloc=near\"\n\t\t\t\t\ttitle=\" Te\u015fvikiye, Terrace Fulya, Center, Hakk\u0131 Yeten Cd. No:11 D:81, 34365 \u015ei\u015fli\/\u0130stanbul\"\n\t\t\t\t\taria-label=\" Te\u015fvikiye, Terrace Fulya, Center, Hakk\u0131 Yeten Cd. No:11 D:81, 34365 \u015ei\u015fli\/\u0130stanbul\"\n\t\t\t><\/iframe>\n\t\t<\/div>\n\t\t\t\t<\/div>\n\t\t\t\t<\/div>\n\t\t\t\t\t<\/div>\n\t\t<\/div>\n\t\t\t\t<div class=\"elementor-column elementor-col-50 elementor-top-column elementor-element elementor-element-837aa19\" data-id=\"837aa19\" data-element_type=\"column\" data-settings=\"{&quot;animation&quot;:&quot;none&quot;}\">\n\t\t\t<div class=\"elementor-widget-wrap elementor-element-populated\">\n\t\t\t\t\t\t\t\t<div class=\"elementor-element elementor-element-9d4d998 elementor-widget elementor-widget-heading\" data-id=\"9d4d998\" data-element_type=\"widget\" data-widget_type=\"heading.default\">\n\t\t\t\t<div class=\"elementor-widget-container\">\n\t\t\t<h2 class=\"elementor-heading-title elementor-size-default\">01<\/h2>\t\t<\/div>\n\t\t\t\t<\/div>\n\t\t\t\t<div class=\"elementor-element elementor-element-975c802 elementor-widget elementor-widget-text-editor\" data-id=\"975c802\" data-element_type=\"widget\" data-widget_type=\"text-editor.default\">\n\t\t\t\t<div class=\"elementor-widget-container\">\n\t\t\t\t\t\t\t<p>Address<\/p>\t\t\t\t\t\t<\/div>\n\t\t\t\t<\/div>\n\t\t\t\t<div class=\"elementor-element elementor-element-0cd01f8 elementor-widget elementor-widget-text-editor\" data-id=\"0cd01f8\" data-element_type=\"widget\" data-widget_type=\"text-editor.default\">\n\t\t\t\t<div class=\"elementor-widget-container\">\n\t\t\t\t\t\t\t<p>Te\u015fvikiye mah., Hakk\u0131 Yeten Cad. No:11 Center 1, D:81, Kat:14, Terrace Fulya, 34365 Fulya-\u015ei\u015fli\/\u0130stanbul<\/p>\t\t\t\t\t\t<\/div>\n\t\t\t\t<\/div>\n\t\t\t\t<div class=\"elementor-element elementor-element-e4cf335 elementor-widget elementor-widget-heading\" data-id=\"e4cf335\" data-element_type=\"widget\" data-widget_type=\"heading.default\">\n\t\t\t\t<div class=\"elementor-widget-container\">\n\t\t\t<h2 class=\"elementor-heading-title elementor-size-default\">02<\/h2>\t\t<\/div>\n\t\t\t\t<\/div>\n\t\t\t\t<div class=\"elementor-element elementor-element-e732c49 elementor-widget elementor-widget-text-editor\" data-id=\"e732c49\" data-element_type=\"widget\" data-widget_type=\"text-editor.default\">\n\t\t\t\t<div class=\"elementor-widget-container\">\n\t\t\t\t\t\t\t<p>Phone Numbers<\/p>\t\t\t\t\t\t<\/div>\n\t\t\t\t<\/div>\n\t\t\t\t<div class=\"elementor-element elementor-element-e11a962 elementor-widget elementor-widget-text-editor\" data-id=\"e11a962\" data-element_type=\"widget\" data-widget_type=\"text-editor.default\">\n\t\t\t\t<div class=\"elementor-widget-container\">\n\t\t\t\t\t\t\t<p>\u260e\ufe0f<a href=\"tel:+902122155525\">+0212 215 5525<\/a><\/p><p>\u260e\ufe0f<a href=\"tel:+902122155518\">+0212 215 5518\u00a0<\/a><\/p><p>\ud83d\udcde<a href=\"tel:+905326472836\">+90 532 647 2836<\/a><\/p>\t\t\t\t\t\t<\/div>\n\t\t\t\t<\/div>\n\t\t\t\t<div class=\"elementor-element elementor-element-d992dbc elementor-widget elementor-widget-heading\" data-id=\"d992dbc\" data-element_type=\"widget\" data-widget_type=\"heading.default\">\n\t\t\t\t<div class=\"elementor-widget-container\">\n\t\t\t<h2 class=\"elementor-heading-title elementor-size-default\">03<\/h2>\t\t<\/div>\n\t\t\t\t<\/div>\n\t\t\t\t<div class=\"elementor-element elementor-element-e627644 elementor-widget elementor-widget-text-editor\" data-id=\"e627644\" data-element_type=\"widget\" data-widget_type=\"text-editor.default\">\n\t\t\t\t<div class=\"elementor-widget-container\">\n\t\t\t\t\t\t\t<p>E-Mail<\/p>\t\t\t\t\t\t<\/div>\n\t\t\t\t<\/div>\n\t\t\t\t<div class=\"elementor-element elementor-element-60e0191 elementor-widget elementor-widget-text-editor\" data-id=\"60e0191\" data-element_type=\"widget\" data-widget_type=\"text-editor.default\">\n\t\t\t\t<div class=\"elementor-widget-container\">\n\t\t\t\t\t\t\t<p>\ud83d\udce9<a href=\"mailto:info@drzehradoust.com\">info@drzehradoust.com<\/a><\/p>\t\t\t\t\t\t<\/div>\n\t\t\t\t<\/div>\n\t\t\t\t\t<\/div>\n\t\t<\/div>\n\t\t\t\t\t\t\t<\/div>\n\t\t<\/section>\n\t\t\t\t\t\t\t<\/div>\n\t\t","protected":false},"excerpt":{"rendered":"<p>You can Contact Us for everything you wonder about dermatology and non-surgical aesthetics. 01 Address Te\u015fvikiye mah., Hakk\u0131 Yeten Cad. No:11 Center 1, D:81, Kat:14, Terrace Fulya, 34365 Fulya-\u015ei\u015fli\/\u0130stanbul 02 Phone Numbers \u260e\ufe0f+0212 215 5525 \u260e\ufe0f+0212 215 5518\u00a0 \ud83d\udcde+90 532 647 2836 03 E-Mail \ud83d\udce9info@drzehradoust.com<\/p>\n","protected":false},"author":1,"featured_media":0,"parent":0,"menu_order":0,"comment_status":"closed","ping_status":"closed","template":"","meta":{"footnotes":""},"class_list":["post-3536","page","type-page","status-publish","hentry"],"yoast_head":"<!-- This site is optimized with the Yoast SEO plugin v27.2 - https:\/\/yoast.com\/product\/yoast-seo-wordpress\/ -->\n<title>Contact Us - Dermatolog Dr Zehra Doust<\/title>\n<meta name=\"description\" content=\"For any inquiries or assistance, please feel free to reach out to us via our contact form, phone, or email.\" \/>\n<meta name=\"robots\" content=\"index, follow, max-snippet:-1, max-image-preview:large, max-video-preview:-1\" \/>\n<link rel=\"canonical\" href=\"https:\/\/drzehradoust.com\/en\/contact-us\/\" \/>\n<meta property=\"og:locale\" content=\"en_US\" \/>\n<meta property=\"og:type\" content=\"article\" \/>\n<meta property=\"og:title\" content=\"Contact Us - Dermatolog Dr Zehra Doust\" \/>\n<meta property=\"og:description\" content=\"For any inquiries or assistance, please feel free to reach out to us via our contact form, phone, or email.\" \/>\n<meta property=\"og:url\" content=\"https:\/\/drzehradoust.com\/en\/contact-us\/\" \/>\n<meta property=\"og:site_name\" content=\"Dermatolog Dr Zehra Doust\" \/>\n<meta property=\"article:modified_time\" content=\"2026-03-07T20:26:25+00:00\" \/>\n<meta name=\"twitter:card\" content=\"summary_large_image\" \/>\n<meta name=\"twitter:label1\" content=\"Est. reading time\" \/>\n\t<meta name=\"twitter:data1\" content=\"1 minute\" \/>\n<script type=\"application\/ld+json\" class=\"yoast-schema-graph\">{\"@context\":\"https:\/\/schema.org\",\"@graph\":[{\"@type\":\"WebPage\",\"@id\":\"https:\/\/drzehradoust.com\/en\/contact-us\/\",\"url\":\"https:\/\/drzehradoust.com\/en\/contact-us\/\",\"name\":\"Contact Us - Dermatolog Dr Zehra Doust\",\"isPartOf\":{\"@id\":\"https:\/\/drzehradoust.com\/#website\"},\"datePublished\":\"2026-03-04T11:14:17+00:00\",\"dateModified\":\"2026-03-07T20:26:25+00:00\",\"description\":\"For any inquiries or assistance, please feel free to reach out to us via our contact form, phone, or email.\",\"breadcrumb\":{\"@id\":\"https:\/\/drzehradoust.com\/en\/contact-us\/#breadcrumb\"},\"inLanguage\":\"en-US\",\"potentialAction\":[{\"@type\":\"ReadAction\",\"target\":[\"https:\/\/drzehradoust.com\/en\/contact-us\/\"]}]},{\"@type\":\"BreadcrumbList\",\"@id\":\"https:\/\/drzehradoust.com\/en\/contact-us\/#breadcrumb\",\"itemListElement\":[{\"@type\":\"ListItem\",\"position\":1,\"name\":\"Anasayfa\",\"item\":\"https:\/\/drzehradoust.com\/\"},{\"@type\":\"ListItem\",\"position\":2,\"name\":\"Contact Us\"}]},{\"@type\":\"WebSite\",\"@id\":\"https:\/\/drzehradoust.com\/#website\",\"url\":\"https:\/\/drzehradoust.com\/\",\"name\":\"Dermatolog Dr Zehra Doust\",\"description\":\"Dermatolog Dr Zehra Doust Dermatoloji Klini\u011fi\",\"publisher\":{\"@id\":\"https:\/\/drzehradoust.com\/#organization\"},\"potentialAction\":[{\"@type\":\"SearchAction\",\"target\":{\"@type\":\"EntryPoint\",\"urlTemplate\":\"https:\/\/drzehradoust.com\/?s={search_term_string}\"},\"query-input\":{\"@type\":\"PropertyValueSpecification\",\"valueRequired\":true,\"valueName\":\"search_term_string\"}}],\"inLanguage\":\"en-US\"},{\"@type\":\"Organization\",\"@id\":\"https:\/\/drzehradoust.com\/#organization\",\"name\":\"Dermatolog Dr Zehra Doust\",\"url\":\"https:\/\/drzehradoust.com\/\",\"logo\":{\"@type\":\"ImageObject\",\"inLanguage\":\"en-US\",\"@id\":\"https:\/\/drzehradoust.com\/#\/schema\/logo\/image\/\",\"url\":\"https:\/\/www.drzehradoust.com\/wp-content\/uploads\/2023\/05\/android-chrome-512x512-1.png\",\"contentUrl\":\"https:\/\/www.drzehradoust.com\/wp-content\/uploads\/2023\/05\/android-chrome-512x512-1.png\",\"width\":512,\"height\":512,\"caption\":\"Dermatolog Dr Zehra Doust\"},\"image\":{\"@id\":\"https:\/\/drzehradoust.com\/#\/schema\/logo\/image\/\"},\"sameAs\":[\"https:\/\/www.instagram.com\/dr.zehradoust\/reels\/\"]}]}<\/script>\n<!-- \/ Yoast SEO plugin. -->","yoast_head_json":{"title":"Contact Us - Dermatolog Dr Zehra Doust","description":"For any inquiries or assistance, please feel free to reach out to us via our contact form, phone, or email.","robots":{"index":"index","follow":"follow","max-snippet":"max-snippet:-1","max-image-preview":"max-image-preview:large","max-video-preview":"max-video-preview:-1"},"canonical":"https:\/\/drzehradoust.com\/en\/contact-us\/","og_locale":"en_US","og_type":"article","og_title":"Contact Us - Dermatolog Dr Zehra Doust","og_description":"For any inquiries or assistance, please feel free to reach out to us via our contact form, phone, or email.","og_url":"https:\/\/drzehradoust.com\/en\/contact-us\/","og_site_name":"Dermatolog Dr Zehra Doust","article_modified_time":"2026-03-07T20:26:25+00:00","twitter_card":"summary_large_image","twitter_misc":{"Est. reading time":"1 minute"},"schema":{"@context":"https:\/\/schema.org","@graph":[{"@type":"WebPage","@id":"https:\/\/drzehradoust.com\/en\/contact-us\/","url":"https:\/\/drzehradoust.com\/en\/contact-us\/","name":"Contact Us - Dermatolog Dr Zehra Doust","isPartOf":{"@id":"https:\/\/drzehradoust.com\/#website"},"datePublished":"2026-03-04T11:14:17+00:00","dateModified":"2026-03-07T20:26:25+00:00","description":"For any inquiries or assistance, please feel free to reach out to us via our contact form, phone, or email.","breadcrumb":{"@id":"https:\/\/drzehradoust.com\/en\/contact-us\/#breadcrumb"},"inLanguage":"en-US","potentialAction":[{"@type":"ReadAction","target":["https:\/\/drzehradoust.com\/en\/contact-us\/"]}]},{"@type":"BreadcrumbList","@id":"https:\/\/drzehradoust.com\/en\/contact-us\/#breadcrumb","itemListElement":[{"@type":"ListItem","position":1,"name":"Anasayfa","item":"https:\/\/drzehradoust.com\/"},{"@type":"ListItem","position":2,"name":"Contact Us"}]},{"@type":"WebSite","@id":"https:\/\/drzehradoust.com\/#website","url":"https:\/\/drzehradoust.com\/","name":"Dermatolog Dr Zehra Doust","description":"Dermatolog Dr Zehra Doust Dermatoloji Klini\u011fi","publisher":{"@id":"https:\/\/drzehradoust.com\/#organization"},"potentialAction":[{"@type":"SearchAction","target":{"@type":"EntryPoint","urlTemplate":"https:\/\/drzehradoust.com\/?s={search_term_string}"},"query-input":{"@type":"PropertyValueSpecification","valueRequired":true,"valueName":"search_term_string"}}],"inLanguage":"en-US"},{"@type":"Organization","@id":"https:\/\/drzehradoust.com\/#organization","name":"Dermatolog Dr Zehra Doust","url":"https:\/\/drzehradoust.com\/","logo":{"@type":"ImageObject","inLanguage":"en-US","@id":"https:\/\/drzehradoust.com\/#\/schema\/logo\/image\/","url":"https:\/\/www.drzehradoust.com\/wp-content\/uploads\/2023\/05\/android-chrome-512x512-1.png","contentUrl":"https:\/\/www.drzehradoust.com\/wp-content\/uploads\/2023\/05\/android-chrome-512x512-1.png","width":512,"height":512,"caption":"Dermatolog Dr Zehra Doust"},"image":{"@id":"https:\/\/drzehradoust.com\/#\/schema\/logo\/image\/"},"sameAs":["https:\/\/www.instagram.com\/dr.zehradoust\/reels\/"]}]}},"_links":{"self":[{"href":"https:\/\/drzehradoust.com\/en\/wp-json\/wp\/v2\/pages\/3536","targetHints":{"allow":["GET"]}}],"collection":[{"href":"https:\/\/drzehradoust.com\/en\/wp-json\/wp\/v2\/pages"}],"about":[{"href":"https:\/\/drzehradoust.com\/en\/wp-json\/wp\/v2\/types\/page"}],"author":[{"embeddable":true,"href":"https:\/\/drzehradoust.com\/en\/wp-json\/wp\/v2\/users\/1"}],"replies":[{"embeddable":true,"href":"https:\/\/drzehradoust.com\/en\/wp-json\/wp\/v2\/comments?post=3536"}],"version-history":[{"count":19,"href":"https:\/\/drzehradoust.com\/en\/wp-json\/wp\/v2\/pages\/3536\/revisions"}],"predecessor-version":[{"id":4712,"href":"https:\/\/drzehradoust.com\/en\/wp-json\/wp\/v2\/pages\/3536\/revisions\/4712"}],"wp:attachment":[{"href":"https:\/\/drzehradoust.com\/en\/wp-json\/wp\/v2\/media?parent=3536"}],"curies":[{"name":"wp","href":"https:\/\/api.w.org\/{rel}","templated":true}]}}